{"id":5550,"date":"2016-12-03T15:08:37","date_gmt":"2016-12-03T15:08:37","guid":{"rendered":"http:\/\/demo.wpzoom.com\/inspiro\/?page_id=5550"},"modified":"2025-04-09T18:18:03","modified_gmt":"2025-04-09T16:18:03","slug":"homepage-2","status":"publish","type":"page","link":"https:\/\/my-brothers-keeper.de\/","title":{"rendered":"Homepage"},"content":{"rendered":"\t\t<div data-elementor-type=\"wp-page\" data-elementor-id=\"5550\" class=\"elementor elementor-5550\" data-elementor-post-type=\"page\">\n\t\t\t\t\t\t<section class=\"elementor-section elementor-top-section elementor-element elementor-element-f2ff528 elementor-section-boxed elementor-section-height-default elementor-section-height-default\" data-id=\"f2ff528\" data-element_type=\"section\">\n\t\t\t\t\t\t<div class=\"elementor-container elementor-column-gap-no\">\n\t\t\t\t\t<div class=\"elementor-column elementor-col-100 elementor-top-column elementor-element elementor-element-3ed392a8\" data-id=\"3ed392a8\" data-element_type=\"column\">\n\t\t\t<div class=\"elementor-widget-wrap elementor-element-populated\">\n\t\t\t\t\t\t<div class=\"elementor-element elementor-element-50190c1e elementor-widget elementor-widget-heading\" data-id=\"50190c1e\" data-element_type=\"widget\" data-widget_type=\"heading.default\">\n\t\t\t\t<div class=\"elementor-widget-container\">\n\t\t\t<style>\/*! elementor - v3.19.0 - 29-01-2024 *\/\n.elementor-heading-title{padding:0;margin:0;line-height:1}.elementor-widget-heading .elementor-heading-title[class*=elementor-size-]>a{color:inherit;font-size:inherit;line-height:inherit}.elementor-widget-heading .elementor-heading-title.elementor-size-small{font-size:15px}.elementor-widget-heading .elementor-heading-title.elementor-size-medium{font-size:19px}.elementor-widget-heading .elementor-heading-title.elementor-size-large{font-size:29px}.elementor-widget-heading .elementor-heading-title.elementor-size-xl{font-size:39px}.elementor-widget-heading .elementor-heading-title.elementor-size-xxl{font-size:59px}<\/style><h2 class=\"elementor-heading-title elementor-size-default\">Sorge dich um deinen Bruder!<\/h2>\t\t<\/div>\n\t\t\t\t<\/div>\n\t\t\t\t<section class=\"elementor-section elementor-inner-section elementor-element elementor-element-5c9c93d5 elementor-section-full_width elementor-section-height-default elementor-section-height-default\" data-id=\"5c9c93d5\" data-element_type=\"section\">\n\t\t\t\t\t\t<div class=\"elementor-container elementor-column-gap-no\">\n\t\t\t\t\t<div class=\"elementor-column elementor-col-100 elementor-inner-column elementor-element elementor-element-1b5c2c44\" data-id=\"1b5c2c44\" data-element_type=\"column\">\n\t\t\t<div class=\"elementor-widget-wrap elementor-element-populated\">\n\t\t\t\t\t\t<div class=\"elementor-element elementor-element-45d5aa02 elementor-widget elementor-widget-text-editor\" data-id=\"45d5aa02\" data-element_type=\"widget\" data-widget_type=\"text-editor.default\">\n\t\t\t\t<div class=\"elementor-widget-container\">\n\t\t\t<style>\/*! elementor - v3.19.0 - 29-01-2024 *\/\n.elementor-widget-text-editor.elementor-drop-cap-view-stacked .elementor-drop-cap{background-color:#69727d;color:#fff}.elementor-widget-text-editor.elementor-drop-cap-view-framed .elementor-drop-cap{color:#69727d;border:3px solid;background-color:transparent}.elementor-widget-text-editor:not(.elementor-drop-cap-view-default) .elementor-drop-cap{margin-top:8px}.elementor-widget-text-editor:not(.elementor-drop-cap-view-default) .elementor-drop-cap-letter{width:1em;height:1em}.elementor-widget-text-editor .elementor-drop-cap{float:left;text-align:center;line-height:1;font-size:50px}.elementor-widget-text-editor .elementor-drop-cap-letter{display:inline-block}<\/style>\t\t\t\t<p>Herzlich willkommen bei unserem <strong>M\u00e4nner-Ministry<\/strong> &#8211; einer Plattform, die M\u00e4nner in allen Beziehungsstatus und Lebenssituationen dazu ermutigt, <strong>aktiv<\/strong> zu werden und <strong>praktische Schritte<\/strong> zu unternehmen. Unser Fokus liegt dabei besonders auf der Altersgruppe von 15 bis 30 Jahren, einer Phase des Lebens, die von vielf\u00e4ltigen Herausforderungen und Entwicklungen gepr\u00e4gt ist. Wir glauben fest daran, dass in dieser entscheidenden Zeit das <strong>Kn\u00fcpfen von Freundschaften<\/strong>, der Austausch \u00fcber <strong>geistliche Themen<\/strong>, die <strong>St\u00e4rkung im Glauben<\/strong> und das Erleben einer <strong>pers\u00f6nlichen Beziehung<\/strong> zu <strong>Gott<\/strong> von entscheidender Bedeutung sind. Unser Ziel ist es, M\u00e4nner in dieser Altersgruppe zu <strong>ermutigen<\/strong>, zu <strong>unterst\u00fctzen<\/strong> und zu <strong>st\u00e4rken<\/strong>, w\u00e4hrend sie ihren Weg mit Gott inmitten der Herausforderungen des Lebens gehen.<\/p>\t\t\t\t\t\t<\/div>\n\t\t\t\t<\/div>\n\t\t\t\t\t<\/div>\n\t\t<\/div>\n\t\t\t\t\t<\/div>\n\t\t<\/section>\n\t\t\t\t\t<\/div>\n\t\t<\/div>\n\t\t\t\t\t<\/div>\n\t\t<\/section>\n\t\t\t\t<section class=\"elementor-section elementor-top-section elementor-element elementor-element-f4d691f elementor-section-boxed elementor-section-height-default elementor-section-height-default\" data-id=\"f4d691f\" data-element_type=\"section\" data-settings=\"{&quot;background_background&quot;:&quot;classic&quot;}\">\n\t\t\t\t\t\t<div class=\"elementor-container elementor-column-gap-default\">\n\t\t\t\t\t<div class=\"elementor-column elementor-col-100 elementor-top-column elementor-element elementor-element-43a24046\" data-id=\"43a24046\" data-element_type=\"column\">\n\t\t\t<div class=\"elementor-widget-wrap elementor-element-populated\">\n\t\t\t\t\t\t<div class=\"elementor-element elementor-element-14dad82c elementor-widget elementor-widget-heading\" data-id=\"14dad82c\" data-element_type=\"widget\" data-widget_type=\"heading.default\">\n\t\t\t\t<div class=\"elementor-widget-container\">\n\t\t\t<h2 class=\"elementor-heading-title elementor-size-default\">Unsere Veranstaltung<\/h2>\t\t<\/div>\n\t\t\t\t<\/div>\n\t\t\t\t\t<\/div>\n\t\t<\/div>\n\t\t\t\t\t<\/div>\n\t\t<\/section>\n\t\t\t\t<section class=\"elementor-section elementor-top-section elementor-element elementor-element-3f6dfe44 elementor-section-boxed elementor-section-height-default elementor-section-height-default\" data-id=\"3f6dfe44\" data-element_type=\"section\" data-settings=\"{&quot;background_background&quot;:&quot;classic&quot;}\">\n\t\t\t\t\t\t<div class=\"elementor-container elementor-column-gap-default\">\n\t\t\t\t\t<div class=\"elementor-column elementor-col-100 elementor-top-column elementor-element elementor-element-6f47d4ab\" data-id=\"6f47d4ab\" data-element_type=\"column\" data-settings=\"{&quot;background_background&quot;:&quot;classic&quot;}\">\n\t\t\t<div class=\"elementor-widget-wrap elementor-element-populated\">\n\t\t\t\t\t<div class=\"elementor-background-overlay\"><\/div>\n\t\t\t\t\t\t<div class=\"elementor-element elementor-element-51580147 elementor-widget elementor-widget-heading\" data-id=\"51580147\" data-element_type=\"widget\" data-widget_type=\"heading.default\">\n\t\t\t\t<div class=\"elementor-widget-container\">\n\t\t\t<h2 class=\"elementor-heading-title elementor-size-default\">My Brother`s Keeper <\/h2>\t\t<\/div>\n\t\t\t\t<\/div>\n\t\t\t\t<div class=\"elementor-element elementor-element-65ff4be0 elementor-widget elementor-widget-text-editor\" data-id=\"65ff4be0\" data-element_type=\"widget\" data-widget_type=\"text-editor.default\">\n\t\t\t\t<div class=\"elementor-widget-container\">\n\t\t\t\t\t\t\t<p>M\u00e4nnerwochenende | 30. Okt &#8211; 02. Nov 2025\u00a0<\/p><p>DJH Jugendherberge\u00a0<span style=\"text-align: start; font-family: var( --e-global-typography-text-font-family ), Sans-serif;\">Wolfsgrund<\/span><\/p>\t\t\t\t\t\t<\/div>\n\t\t\t\t<\/div>\n\t\t\t\t<div class=\"elementor-element elementor-element-187514c8 elementor-align-center elementor-widget elementor-widget-button\" data-id=\"187514c8\" data-element_type=\"widget\" data-widget_type=\"button.default\">\n\t\t\t\t<div class=\"elementor-widget-container\">\n\t\t\t\t\t<div class=\"elementor-button-wrapper\">\n\t\t\t<a class=\"elementor-button elementor-button-link elementor-size-md\" href=\"https:\/\/bw.adventjugend.de\/events\/veranstaltungskalender\/event\/ew\/Event\/show\/my-brothers-keeper-2025\/?tx_amseventmanagerwave_event%5B%40widget_0%5D%5BcurrentPage%5D=3&#038;cHash=c08bc882f344a63e6a46cbb7bc5f6513\" target=\"_blank\">\n\t\t\t\t\t\t<span class=\"elementor-button-content-wrapper\">\n\t\t\t\t\t\t<span class=\"elementor-button-text\">Anmeldung<\/span>\n\t\t<\/span>\n\t\t\t\t\t<\/a>\n\t\t<\/div>\n\t\t\t\t<\/div>\n\t\t\t\t<\/div>\n\t\t\t\t\t<\/div>\n\t\t<\/div>\n\t\t\t\t\t<\/div>\n\t\t<\/section>\n\t\t\t\t<section class=\"elementor-section elementor-top-section elementor-element elementor-element-572a816d elementor-section-boxed elementor-section-height-default elementor-section-height-default\" data-id=\"572a816d\" data-element_type=\"section\">\n\t\t\t\t\t\t<div class=\"elementor-container elementor-column-gap-no\">\n\t\t\t\t\t<div class=\"elementor-column elementor-col-100 elementor-top-column elementor-element elementor-element-15d6157b\" data-id=\"15d6157b\" data-element_type=\"column\">\n\t\t\t<div class=\"elementor-widget-wrap elementor-element-populated\">\n\t\t\t\t\t\t<div class=\"elementor-element elementor-element-49d87403 elementor-widget elementor-widget-heading\" data-id=\"49d87403\" data-element_type=\"widget\" data-widget_type=\"heading.default\">\n\t\t\t\t<div class=\"elementor-widget-container\">\n\t\t\t<h2 class=\"elementor-heading-title elementor-size-default\">Unser team<\/h2>\t\t<\/div>\n\t\t\t\t<\/div>\n\t\t\t\t\t<\/div>\n\t\t<\/div>\n\t\t\t\t\t<\/div>\n\t\t<\/section>\n\t\t<div class=\"elementor-element elementor-element-81ab5eb e-flex e-con-boxed e-con e-parent\" data-id=\"81ab5eb\" data-element_type=\"container\" data-settings=\"{&quot;shape_divider_bottom&quot;:&quot;mountains&quot;,&quot;content_width&quot;:&quot;boxed&quot;}\" data-core-v316-plus=\"true\">\n\t\t\t\t\t<div class=\"e-con-inner\">\n\t\t\t\t<div class=\"elementor-shape elementor-shape-bottom\" data-negative=\"false\">\n\t\t\t<svg xmlns=\"http:\/\/www.w3.org\/2000\/svg\" viewBox=\"0 0 1000 100\" preserveAspectRatio=\"none\">\n\t<path class=\"elementor-shape-fill\" opacity=\"0.33\" d=\"M473,67.3c-203.9,88.3-263.1-34-320.3,0C66,119.1,0,59.7,0,59.7V0h1000v59.7 c0,0-62.1,26.1-94.9,29.3c-32.8,3.3-62.8-12.3-75.8-22.1C806,49.6,745.3,8.7,694.9,4.7S492.4,59,473,67.3z\"\/>\n\t<path class=\"elementor-shape-fill\" opacity=\"0.66\" d=\"M734,67.3c-45.5,0-77.2-23.2-129.1-39.1c-28.6-8.7-150.3-10.1-254,39.1 s-91.7-34.4-149.2,0C115.7,118.3,0,39.8,0,39.8V0h1000v36.5c0,0-28.2-18.5-92.1-18.5C810.2,18.1,775.7,67.3,734,67.3z\"\/>\n\t<path class=\"elementor-shape-fill\" d=\"M766.1,28.9c-200-57.5-266,65.5-395.1,19.5C242,1.8,242,5.4,184.8,20.6C128,35.8,132.3,44.9,89.9,52.5C28.6,63.7,0,0,0,0 h1000c0,0-9.9,40.9-83.6,48.1S829.6,47,766.1,28.9z\"\/>\n<\/svg>\t\t<\/div>\n\t\t<div class=\"elementor-element elementor-element-00bf78e e-con-full e-flex e-con e-child\" data-id=\"00bf78e\" data-element_type=\"container\" data-settings=\"{&quot;content_width&quot;:&quot;full&quot;}\">\n\t\t\t\t<div class=\"elementor-element elementor-element-fd0daa8 elementor-widget elementor-widget-wpzoom-elementor-addons-team-members\" data-id=\"fd0daa8\" data-element_type=\"widget\" data-widget_type=\"wpzoom-elementor-addons-team-members.default\">\n\t\t\t\t<div class=\"elementor-widget-container\">\n\t\t\t\n\t\t\t\t\t<figure class=\"wpz-member-figure\">\n\t\t\t\t<img fetchpriority=\"high\" decoding=\"async\" width=\"707\" height=\"1024\" src=\"https:\/\/my-brothers-keeper.de\/wp-content\/uploads\/2024\/03\/a5b0c26e-d77b-4bfc-8467-468e8abc4ce0-707x1024.jpeg\" class=\"elementor-animation-disable-animation attachment-large size-large wp-image-6712\" alt=\"\" srcset=\"https:\/\/my-brothers-keeper.de\/wp-content\/uploads\/2024\/03\/a5b0c26e-d77b-4bfc-8467-468e8abc4ce0-707x1024.jpeg 707w, https:\/\/my-brothers-keeper.de\/wp-content\/uploads\/2024\/03\/a5b0c26e-d77b-4bfc-8467-468e8abc4ce0-207x300.jpeg 207w, https:\/\/my-brothers-keeper.de\/wp-content\/uploads\/2024\/03\/a5b0c26e-d77b-4bfc-8467-468e8abc4ce0.jpeg 884w\" sizes=\"100vw\" \/>\t\t\t<\/figure>\n\t\t\n\t\t<div class=\"wpz-member-body\">\n\t\t\t<h2 class=\"wpz-member-name\">Marc M\u00fcller<\/h2>\n\t\t\t\n\t\t\t\n\t\t\t\n\t\t\t\n\t\t\t\t\t<\/div>\n\t\t\t\t<\/div>\n\t\t\t\t<\/div>\n\t\t\t\t<\/div>\n\t\t<div class=\"elementor-element elementor-element-26cadd9 e-con-full e-flex e-con e-child\" data-id=\"26cadd9\" data-element_type=\"container\" data-settings=\"{&quot;content_width&quot;:&quot;full&quot;}\">\n\t\t\t\t<div class=\"elementor-element elementor-element-c94b063 elementor-widget elementor-widget-wpzoom-elementor-addons-team-members\" data-id=\"c94b063\" data-element_type=\"widget\" data-widget_type=\"wpzoom-elementor-addons-team-members.default\">\n\t\t\t\t<div class=\"elementor-widget-container\">\n\t\t\t\n\t\t\t\t\t<figure class=\"wpz-member-figure\">\n\t\t\t\t<img decoding=\"async\" width=\"840\" height=\"1024\" src=\"https:\/\/my-brothers-keeper.de\/wp-content\/uploads\/2024\/04\/image-20240402-001159-987-e1712078346768-840x1024.jpeg\" class=\"elementor-animation-disable-animation attachment-large size-large wp-image-6749\" alt=\"\" srcset=\"https:\/\/my-brothers-keeper.de\/wp-content\/uploads\/2024\/04\/image-20240402-001159-987-e1712078346768-840x1024.jpeg 840w, https:\/\/my-brothers-keeper.de\/wp-content\/uploads\/2024\/04\/image-20240402-001159-987-e1712078346768-246x300.jpeg 246w, https:\/\/my-brothers-keeper.de\/wp-content\/uploads\/2024\/04\/image-20240402-001159-987-e1712078346768-768x936.jpeg 768w, https:\/\/my-brothers-keeper.de\/wp-content\/uploads\/2024\/04\/image-20240402-001159-987-e1712078346768-600x731.jpeg 600w, https:\/\/my-brothers-keeper.de\/wp-content\/uploads\/2024\/04\/image-20240402-001159-987-e1712078346768.jpeg 1045w\" sizes=\"100vw\" \/>\t\t\t<\/figure>\n\t\t\n\t\t<div class=\"wpz-member-body\">\n\t\t\t<h2 class=\"wpz-member-name\">Valentin Beh<\/h2>\n\t\t\t\n\t\t\t\n\t\t\t\n\t\t\t\n\t\t\t\t\t<\/div>\n\t\t\t\t<\/div>\n\t\t\t\t<\/div>\n\t\t\t\t<\/div>\n\t\t<div class=\"elementor-element elementor-element-97a1f95 e-con-full e-flex e-con e-child\" data-id=\"97a1f95\" data-element_type=\"container\" data-settings=\"{&quot;content_width&quot;:&quot;full&quot;}\">\n\t\t\t\t<div class=\"elementor-element elementor-element-1e2338b elementor-widget elementor-widget-wpzoom-elementor-addons-team-members\" data-id=\"1e2338b\" data-element_type=\"widget\" data-widget_type=\"wpzoom-elementor-addons-team-members.default\">\n\t\t\t\t<div class=\"elementor-widget-container\">\n\t\t\t\n\t\t\t\t\t<figure class=\"wpz-member-figure\">\n\t\t\t\t<img decoding=\"async\" width=\"827\" height=\"1024\" src=\"https:\/\/my-brothers-keeper.de\/wp-content\/uploads\/2024\/09\/threema-20240901-224437287-827x1024.jpg\" class=\"elementor-animation-disable-animation attachment-large size-large wp-image-6768\" alt=\"\" srcset=\"https:\/\/my-brothers-keeper.de\/wp-content\/uploads\/2024\/09\/threema-20240901-224437287-827x1024.jpg 827w, https:\/\/my-brothers-keeper.de\/wp-content\/uploads\/2024\/09\/threema-20240901-224437287-242x300.jpg 242w, https:\/\/my-brothers-keeper.de\/wp-content\/uploads\/2024\/09\/threema-20240901-224437287.jpg 1292w\" sizes=\"100vw\" \/>\t\t\t<\/figure>\n\t\t\n\t\t<div class=\"wpz-member-body\">\n\t\t\t<h2 class=\"wpz-member-name\">Leonard Moritz<\/h2>\n\t\t\t\n\t\t\t\n\t\t\t\n\t\t\t\n\t\t\t\t\t<\/div>\n\t\t\t\t<\/div>\n\t\t\t\t<\/div>\n\t\t\t\t<\/div>\n\t\t<div class=\"elementor-element elementor-element-d484752 e-con-full e-flex e-con e-child\" data-id=\"d484752\" data-element_type=\"container\" data-settings=\"{&quot;content_width&quot;:&quot;full&quot;}\">\n\t\t\t\t<div class=\"elementor-element elementor-element-6c05266 elementor-widget elementor-widget-wpzoom-elementor-addons-team-members\" data-id=\"6c05266\" data-element_type=\"widget\" data-widget_type=\"wpzoom-elementor-addons-team-members.default\">\n\t\t\t\t<div class=\"elementor-widget-container\">\n\t\t\t\n\t\t\t\t\t<figure class=\"wpz-member-figure\">\n\t\t\t\t<img loading=\"lazy\" decoding=\"async\" width=\"671\" height=\"1024\" src=\"https:\/\/my-brothers-keeper.de\/wp-content\/uploads\/2024\/03\/image-20240326-231234-444-e1711492054552-671x1024.jpeg\" class=\"elementor-animation-disable-animation attachment-large size-large wp-image-6711\" alt=\"\" srcset=\"https:\/\/my-brothers-keeper.de\/wp-content\/uploads\/2024\/03\/image-20240326-231234-444-e1711492054552-671x1024.jpeg 671w, https:\/\/my-brothers-keeper.de\/wp-content\/uploads\/2024\/03\/image-20240326-231234-444-e1711492054552-197x300.jpeg 197w, https:\/\/my-brothers-keeper.de\/wp-content\/uploads\/2024\/03\/image-20240326-231234-444-e1711492054552-600x916.jpeg 600w, https:\/\/my-brothers-keeper.de\/wp-content\/uploads\/2024\/03\/image-20240326-231234-444-e1711492054552.jpeg 715w\" sizes=\"100vw\" \/>\t\t\t<\/figure>\n\t\t\n\t\t<div class=\"wpz-member-body\">\n\t\t\t<h2 class=\"wpz-member-name\">Bruno Mayr<\/h2>\n\t\t\t\n\t\t\t\n\t\t\t\n\t\t\t\n\t\t\t\t\t<\/div>\n\t\t\t\t<\/div>\n\t\t\t\t<\/div>\n\t\t\t\t<\/div>\n\t\t\t\t\t<\/div>\n\t\t\t\t<\/div>\n\t\t\t\t<\/div>\n\t\t","protected":false},"excerpt":{"rendered":"<p>Sorge dich um deinen Bruder! Herzlich willkommen bei unserem M\u00e4nner-Ministry &#8211; einer Plattform, die M\u00e4nner in allen Beziehungsstatus und Lebenssituationen dazu ermutigt, aktiv zu werden und praktische Schritte zu unternehmen. Unser Fokus liegt dabei besonders auf der Altersgruppe von 15 bis 30 Jahren, einer Phase des Lebens, die von vielf\u00e4ltigen Herausforderungen und Entwicklungen gepr\u00e4gt ist. &hellip; <\/p>\n<p class=\"link-more\"><a href=\"https:\/\/my-brothers-keeper.de\/\" class=\"more-link\">Mehr <span class=\"screen-reader-text\">\u00fcber &#8222;Homepage&#8220; <\/span>Lesen<\/a><\/p>\n","protected":false},"author":1,"featured_media":0,"parent":0,"menu_order":0,"comment_status":"closed","ping_status":"closed","template":"page-templates\/homepage-builder-bb.php","meta":{"_monsterinsights_skip_tracking":false,"_monsterinsights_sitenote_active":false,"_monsterinsights_sitenote_note":"","_monsterinsights_sitenote_category":0,"footnotes":""},"class_list":["post-5550","page","type-page","status-publish","hentry"],"aioseo_notices":[],"featured_media_urls":[],"_links":{"self":[{"href":"https:\/\/my-brothers-keeper.de\/index.php?rest_route=\/wp\/v2\/pages\/5550","targetHints":{"allow":["GET"]}}],"collection":[{"href":"https:\/\/my-brothers-keeper.de\/index.php?rest_route=\/wp\/v2\/pages"}],"about":[{"href":"https:\/\/my-brothers-keeper.de\/index.php?rest_route=\/wp\/v2\/types\/page"}],"author":[{"embeddable":true,"href":"https:\/\/my-brothers-keeper.de\/index.php?rest_route=\/wp\/v2\/users\/1"}],"replies":[{"embeddable":true,"href":"https:\/\/my-brothers-keeper.de\/index.php?rest_route=%2Fwp%2Fv2%2Fcomments&post=5550"}],"version-history":[{"count":10,"href":"https:\/\/my-brothers-keeper.de\/index.php?rest_route=\/wp\/v2\/pages\/5550\/revisions"}],"predecessor-version":[{"id":6785,"href":"https:\/\/my-brothers-keeper.de\/index.php?rest_route=\/wp\/v2\/pages\/5550\/revisions\/6785"}],"wp:attachment":[{"href":"https:\/\/my-brothers-keeper.de\/index.php?rest_route=%2Fwp%2Fv2%2Fmedia&parent=5550"}],"curies":[{"name":"wp","href":"https:\/\/api.w.org\/{rel}","templated":true}]}}